{"id":2,"date":"2022-09-29T13:51:59","date_gmt":"2022-09-29T16:51:59","guid":{"rendered":"http:\/\/nixneon.com.br\/?page_id=2"},"modified":"2022-10-14T09:51:00","modified_gmt":"2022-10-14T12:51:00","slug":"pagina-exemplo","status":"publish","type":"page","link":"https:\/\/nixneon.com.br\/","title":{"rendered":"A nova tend\u00eancia no mercado de comunica\u00e7\u00e3o visual e em decora\u00e7\u00e3o de ambientes."},"content":{"rendered":"\n<p class=\"has-text-align-left\">O Neon Led \u00e9 a novidade que chegou para ficar, com mais flexibilidade do que o vidro do neon convencional, permite mais detalhamento na sua aplica\u00e7\u00e3o com formas e letras mais fi\u00e9is ao real.<\/p>\n\n\n\n<p class=\"has-text-align-left\">Com uma ampla possibilidade de uso em cores, o Neon Led combina com tudo e cria ambientes mais sofisticados que se tornam cen\u00e1rios perfeitos para fotografias de seus clientes, afinal, um local instagram\u00e1vel faz o seu neg\u00f3cio bombar nas redes sociais.<\/p>\n\n\n\n<figure class=\"wp-block-gallery has-nested-images columns-default is-cropped wp-block-gallery-1 is-layout-flex wp-block-gallery-is-layout-flex\">\n<figure class=\"wp-block-image size-large\"><img loading=\"lazy\" decoding=\"async\" width=\"650\" height=\"350\" data-id=\"71\" src=\"https:\/\/nixneon.com.br\/wp-content\/uploads\/2022\/10\/NEON-LED-EM-CAMPO-GRANDE-NIX-NEON-67-99985-2967-ACADEMIA.jpg\" alt=\"\" class=\"wp-image-71\" srcset=\"https:\/\/nixneon.com.br\/wp-content\/uploads\/2022\/10\/NEON-LED-EM-CAMPO-GRANDE-NIX-NEON-67-99985-2967-ACADEMIA.jpg 650w, https:\/\/nixneon.com.br\/wp-content\/uploads\/2022\/10\/NEON-LED-EM-CAMPO-GRANDE-NIX-NEON-67-99985-2967-ACADEMIA-300x162.jpg 300w\" sizes=\"auto, (max-width: 650px) 100vw, 650px\" \/><figcaption>NEON-LED-EM-CAMPO-GRANDE-NIX-NEON-67-99985-2967<\/figcaption><\/figure>\n\n\n\n<figure class=\"wp-block-image size-large\"><img loading=\"lazy\" decoding=\"async\" width=\"650\" height=\"350\" data-id=\"73\" src=\"https:\/\/nixneon.com.br\/wp-content\/uploads\/2022\/10\/NEON-LED-EM-CAMPO-GRANDE-NIX-NEON-67-99985-2967-CAFETERIA.jpg\" alt=\"\" class=\"wp-image-73\" srcset=\"https:\/\/nixneon.com.br\/wp-content\/uploads\/2022\/10\/NEON-LED-EM-CAMPO-GRANDE-NIX-NEON-67-99985-2967-CAFETERIA.jpg 650w, https:\/\/nixneon.com.br\/wp-content\/uploads\/2022\/10\/NEON-LED-EM-CAMPO-GRANDE-NIX-NEON-67-99985-2967-CAFETERIA-300x162.jpg 300w\" sizes=\"auto, (max-width: 650px) 100vw, 650px\" \/><figcaption>NEON-LED-EM-CAMPO-GRANDE-NIX-NEON-67-99985-2967<\/figcaption><\/figure>\n\n\n\n<figure class=\"wp-block-image size-large\"><img loading=\"lazy\" decoding=\"async\" width=\"650\" height=\"350\" data-id=\"74\" src=\"https:\/\/nixneon.com.br\/wp-content\/uploads\/2022\/10\/NEON-LED-EM-CAMPO-GRANDE-NIX-NEON-67-99985-2967-FRASES-EM-NEON.jpg\" alt=\"\" class=\"wp-image-74\" srcset=\"https:\/\/nixneon.com.br\/wp-content\/uploads\/2022\/10\/NEON-LED-EM-CAMPO-GRANDE-NIX-NEON-67-99985-2967-FRASES-EM-NEON.jpg 650w, https:\/\/nixneon.com.br\/wp-content\/uploads\/2022\/10\/NEON-LED-EM-CAMPO-GRANDE-NIX-NEON-67-99985-2967-FRASES-EM-NEON-300x162.jpg 300w\" sizes=\"auto, (max-width: 650px) 100vw, 650px\" \/><figcaption>NEON-LED-EM-CAMPO-GRANDE-NIX-NEON-67-99985-2967<\/figcaption><\/figure>\n\n\n\n<figure class=\"wp-block-image size-large\"><img loading=\"lazy\" decoding=\"async\" width=\"650\" height=\"350\" data-id=\"72\" src=\"https:\/\/nixneon.com.br\/wp-content\/uploads\/2022\/10\/NEON-LED-EM-CAMPO-GRANDE-NIX-NEON-67-99985-2967-NEON-AGRONEGOCIO.jpg\" alt=\"\" class=\"wp-image-72\" srcset=\"https:\/\/nixneon.com.br\/wp-content\/uploads\/2022\/10\/NEON-LED-EM-CAMPO-GRANDE-NIX-NEON-67-99985-2967-NEON-AGRONEGOCIO.jpg 650w, https:\/\/nixneon.com.br\/wp-content\/uploads\/2022\/10\/NEON-LED-EM-CAMPO-GRANDE-NIX-NEON-67-99985-2967-NEON-AGRONEGOCIO-300x162.jpg 300w\" sizes=\"auto, (max-width: 650px) 100vw, 650px\" \/><figcaption>NEON-LED-EM-CAMPO-GRANDE-NIX-NEON-67-99985-2967<\/figcaption><\/figure>\n\n\n\n<figure class=\"wp-block-image size-large\"><img loading=\"lazy\" decoding=\"async\" width=\"650\" height=\"350\" data-id=\"70\" src=\"https:\/\/nixneon.com.br\/wp-content\/uploads\/2022\/10\/NEON-LED-EM-CAMPO-GRANDE-NIX-NEON-67-99985-2967-NEON-DISPLAY.jpg\" alt=\"\" class=\"wp-image-70\" srcset=\"https:\/\/nixneon.com.br\/wp-content\/uploads\/2022\/10\/NEON-LED-EM-CAMPO-GRANDE-NIX-NEON-67-99985-2967-NEON-DISPLAY.jpg 650w, https:\/\/nixneon.com.br\/wp-content\/uploads\/2022\/10\/NEON-LED-EM-CAMPO-GRANDE-NIX-NEON-67-99985-2967-NEON-DISPLAY-300x162.jpg 300w\" sizes=\"auto, (max-width: 650px) 100vw, 650px\" \/><figcaption>NEON-LED-EM-CAMPO-GRANDE-NIX-NEON-67-99985-2967<\/figcaption><\/figure>\n\n\n\n<figure class=\"wp-block-image size-large\"><img loading=\"lazy\" decoding=\"async\" width=\"650\" height=\"350\" data-id=\"76\" src=\"https:\/\/nixneon.com.br\/wp-content\/uploads\/2022\/10\/NEON-LED-EM-CAMPO-GRANDE-NIX-NEON-67-99985-2967-NEON-PARA-BANCOS.jpg\" alt=\"\" class=\"wp-image-76\" srcset=\"https:\/\/nixneon.com.br\/wp-content\/uploads\/2022\/10\/NEON-LED-EM-CAMPO-GRANDE-NIX-NEON-67-99985-2967-NEON-PARA-BANCOS.jpg 650w, https:\/\/nixneon.com.br\/wp-content\/uploads\/2022\/10\/NEON-LED-EM-CAMPO-GRANDE-NIX-NEON-67-99985-2967-NEON-PARA-BANCOS-300x162.jpg 300w\" sizes=\"auto, (max-width: 650px) 100vw, 650px\" \/><figcaption>NEON-LED-EM-CAMPO-GRANDE-NIX-NEON-67-99985-2967<\/figcaption><\/figure>\n\n\n\n<figure class=\"wp-block-image size-large\"><img loading=\"lazy\" decoding=\"async\" width=\"650\" height=\"350\" data-id=\"75\" src=\"https:\/\/nixneon.com.br\/wp-content\/uploads\/2022\/10\/NEON-LED-EM-CAMPO-GRANDE-NIX-NEON-67-99985-2967-NEON-PARA-RECEPCAO.jpg\" alt=\"\" class=\"wp-image-75\" srcset=\"https:\/\/nixneon.com.br\/wp-content\/uploads\/2022\/10\/NEON-LED-EM-CAMPO-GRANDE-NIX-NEON-67-99985-2967-NEON-PARA-RECEPCAO.jpg 650w, https:\/\/nixneon.com.br\/wp-content\/uploads\/2022\/10\/NEON-LED-EM-CAMPO-GRANDE-NIX-NEON-67-99985-2967-NEON-PARA-RECEPCAO-300x162.jpg 300w\" sizes=\"auto, (max-width: 650px) 100vw, 650px\" \/><figcaption>NEON-LED-EM-CAMPO-GRANDE-NIX-NEON-67-99985-2967<\/figcaption><\/figure>\n\n\n\n<figure class=\"wp-block-image size-large\"><img loading=\"lazy\" decoding=\"async\" width=\"650\" height=\"350\" data-id=\"79\" src=\"https:\/\/nixneon.com.br\/wp-content\/uploads\/2022\/10\/NEON-LED-EM-CAMPO-GRANDE-NIX-NEON-67-99985-2967-NEON-RECEPCAO.jpg\" alt=\"\" class=\"wp-image-79\" srcset=\"https:\/\/nixneon.com.br\/wp-content\/uploads\/2022\/10\/NEON-LED-EM-CAMPO-GRANDE-NIX-NEON-67-99985-2967-NEON-RECEPCAO.jpg 650w, https:\/\/nixneon.com.br\/wp-content\/uploads\/2022\/10\/NEON-LED-EM-CAMPO-GRANDE-NIX-NEON-67-99985-2967-NEON-RECEPCAO-300x162.jpg 300w\" sizes=\"auto, (max-width: 650px) 100vw, 650px\" \/><figcaption>NEON-LED-EM-CAMPO-GRANDE-NIX-NEON-67-99985-2967<\/figcaption><\/figure>\n\n\n\n<figure class=\"wp-block-image size-large\"><img loading=\"lazy\" decoding=\"async\" width=\"650\" height=\"350\" data-id=\"78\" src=\"https:\/\/nixneon.com.br\/wp-content\/uploads\/2022\/10\/NEON-LED-EM-CAMPO-GRANDE-NIX-NEON-67-99985-2967-NEON-SEXY.jpg\" alt=\"\" class=\"wp-image-78\" srcset=\"https:\/\/nixneon.com.br\/wp-content\/uploads\/2022\/10\/NEON-LED-EM-CAMPO-GRANDE-NIX-NEON-67-99985-2967-NEON-SEXY.jpg 650w, https:\/\/nixneon.com.br\/wp-content\/uploads\/2022\/10\/NEON-LED-EM-CAMPO-GRANDE-NIX-NEON-67-99985-2967-NEON-SEXY-300x162.jpg 300w\" sizes=\"auto, (max-width: 650px) 100vw, 650px\" \/><figcaption>NEON-LED-EM-CAMPO-GRANDE-NIX-NEON-67-99985-2967<\/figcaption><\/figure>\n<\/figure>\n\n\n\n<p><\/p>\n\n\n\n<p class=\"has-text-align-center\"><strong>+SEGURAN\u00c7A E PRATICIDADE<br>Por qu\u00ea decidir pelo Neon Led ao inv\u00e9s do neon convencional?<\/strong><\/p>\n\n\n\n<div class=\"wp-block-columns is-layout-flex wp-container-core-columns-is-layout-28f84493 wp-block-columns-is-layout-flex\">\n<div class=\"wp-block-column is-layout-flow wp-block-column-is-layout-flow\">\n<p><strong>SEM VIDRO, SEM RISCO DE FATALIDADES POR QUEBRA ACIDENTAL<\/strong><br>O Neon Led possui em sua aplica\u00e7\u00e3o <strong><em>materiais flex\u00edveis e leves<\/em><\/strong>, o que<strong><em> n\u00e3o ocasiona acidentes com vidros<\/em><\/strong>, principalmente em ambientes internos, onde o fluxo e o manuseio de pessoas \u00e9 incontrol\u00e1vel.<\/p>\n<\/div>\n\n\n\n<div class=\"wp-block-column is-layout-flow wp-block-column-is-layout-flow\">\n<p><strong>SEM CHOQUES VIOLENTOS<br><\/strong>A sa\u00edda de voltagem de nosso Neon Led \u00e9 de apenas <strong><em>12 volts<\/em><\/strong>, e isso significa a <strong><em>diminui\u00e7\u00e3o significativa do risco de acidentes graves por choque el\u00e9trico de alta voltagem.<\/em><\/strong><\/p>\n<\/div>\n\n\n\n<div class=\"wp-block-column is-layout-flow wp-block-column-is-layout-flow\">\n<p><strong>SEM MATERIAIS CANCER\u00cdGENOS, EM SUA CONFEC\u00c7\u00c3O.<\/strong><\/p>\n\n\n\n<p>No Neon Led <strong><em>n\u00e3o se utiliza o elemento Qu\u00edmico Merc\u00fario<\/em><\/strong>, diferente do neon convencional, o que elimina a exposi\u00e7\u00e3o de nossos colaboradores a elementos cancer\u00edgenos.<\/p>\n\n\n\n<p><strong><em>Utilizamos para a soldagem el\u00e9trica, insumos tipo LEAD FREE, livres de chumbo e com prata composta<\/em><\/strong> o substituindo em sua composi\u00e7\u00e3o, o que duplica o custo de produ\u00e7\u00e3o da etapa de soldagem, por\u00e9m \u00e9 mais consci\u00eancia para um mundo menos agressivo.<\/p>\n<\/div>\n<\/div>\n","protected":false},"excerpt":{"rendered":"<p>O Neon Led \u00e9 a novidade que chegou para ficar, com mais flexibilidade do que o vidro do neon convencional, permite mais detalhamento na sua aplica\u00e7\u00e3o com formas e letras mais fi\u00e9is ao real. Com uma ampla possibilidade de uso em cores, o Neon Led combina com tudo e cria ambientes mais sofisticados que se &hellip;<\/p>\n<p class=\"read-more\"> <a class=\"\" href=\"https:\/\/nixneon.com.br\/\"> <span class=\"screen-reader-text\">A nova tend\u00eancia no mercado de comunica\u00e7\u00e3o visual e em decora\u00e7\u00e3o de ambientes.<\/span> Read More &raquo;<\/a><\/p>\n","protected":false},"author":1,"featured_media":0,"parent":0,"menu_order":0,"comment_status":"closed","ping_status":"open","template":"","meta":{"site-sidebar-layout":"default","site-content-layout":"default","ast-global-header-display":"","ast-main-header-display":"","ast-hfb-above-header-display":"","ast-hfb-below-header-display":"","ast-hfb-mobile-header-display":"","site-post-title":"","ast-breadcrumbs-content":"","ast-featured-img":"","footer-sml-layout":"","theme-transparent-header-meta":"","adv-header-id-meta":"","stick-header-meta":"","header-above-stick-meta":"","header-main-stick-meta":"","header-below-stick-meta":"","footnotes":""},"class_list":["post-2","page","type-page","status-publish","hentry"],"_links":{"self":[{"href":"https:\/\/nixneon.com.br\/index.php?rest_route=\/wp\/v2\/pages\/2","targetHints":{"allow":["GET"]}}],"collection":[{"href":"https:\/\/nixneon.com.br\/index.php?rest_route=\/wp\/v2\/pages"}],"about":[{"href":"https:\/\/nixneon.com.br\/index.php?rest_route=\/wp\/v2\/types\/page"}],"author":[{"embeddable":true,"href":"https:\/\/nixneon.com.br\/index.php?rest_route=\/wp\/v2\/users\/1"}],"replies":[{"embeddable":true,"href":"https:\/\/nixneon.com.br\/index.php?rest_route=%2Fwp%2Fv2%2Fcomments&post=2"}],"version-history":[{"count":8,"href":"https:\/\/nixneon.com.br\/index.php?rest_route=\/wp\/v2\/pages\/2\/revisions"}],"predecessor-version":[{"id":84,"href":"https:\/\/nixneon.com.br\/index.php?rest_route=\/wp\/v2\/pages\/2\/revisions\/84"}],"wp:attachment":[{"href":"https:\/\/nixneon.com.br\/index.php?rest_route=%2Fwp%2Fv2%2Fmedia&parent=2"}],"curies":[{"name":"wp","href":"https:\/\/api.w.org\/{rel}","templated":true}]}}