{"id":29,"date":"2022-10-13T16:42:15","date_gmt":"2022-10-13T19:42:15","guid":{"rendered":"http:\/\/nixneon.com.br\/?page_id=29"},"modified":"2022-10-14T09:14:26","modified_gmt":"2022-10-14T12:14:26","slug":"empresa","status":"publish","type":"page","link":"https:\/\/nixneon.com.br\/?page_id=29","title":{"rendered":"Empresa"},"content":{"rendered":"\n<p>Surgimos com a inten\u00e7\u00e3o de levar vida aos ambientes, de abusar das cores e formas e tornar o seu ambiente um espa\u00e7o aconchegante e bem percebido.<\/p>\n\n\n\n<p>Nos especializamos em solu\u00e7\u00f5es tecnol\u00f3gicas e com acabamento diferenciado, trazendo sempre as novidades do mercado para nossos clientes.<\/p>\n","protected":false},"excerpt":{"rendered":"<p>Surgimos com a inten\u00e7\u00e3o de levar vida aos ambientes, de abusar das cores e formas e tornar o seu ambiente um espa\u00e7o aconchegante e bem percebido. Nos especializamos em solu\u00e7\u00f5es tecnol\u00f3gicas e com acabamento diferenciado, trazendo sempre as novidades do mercado para nossos clientes.<\/p>\n","protected":false},"author":1,"featured_media":0,"parent":0,"menu_order":0,"comment_status":"closed","ping_status":"closed","template":"","meta":{"site-sidebar-layout":"default","site-content-layout":"default","ast-global-header-display":"","ast-main-header-display":"","ast-hfb-above-header-display":"","ast-hfb-below-header-display":"","ast-hfb-mobile-header-display":"","site-post-title":"","ast-breadcrumbs-content":"","ast-featured-img":"","footer-sml-layout":"","theme-transparent-header-meta":"","adv-header-id-meta":"","stick-header-meta":"","header-above-stick-meta":"","header-main-stick-meta":"","header-below-stick-meta":"","footnotes":""},"class_list":["post-29","page","type-page","status-publish","hentry"],"_links":{"self":[{"href":"https:\/\/nixneon.com.br\/index.php?rest_route=\/wp\/v2\/pages\/29","targetHints":{"allow":["GET"]}}],"collection":[{"href":"https:\/\/nixneon.com.br\/index.php?rest_route=\/wp\/v2\/pages"}],"about":[{"href":"https:\/\/nixneon.com.br\/index.php?rest_route=\/wp\/v2\/types\/page"}],"author":[{"embeddable":true,"href":"https:\/\/nixneon.com.br\/index.php?rest_route=\/wp\/v2\/users\/1"}],"replies":[{"embeddable":true,"href":"https:\/\/nixneon.com.br\/index.php?rest_route=%2Fwp%2Fv2%2Fcomments&post=29"}],"version-history":[{"count":3,"href":"https:\/\/nixneon.com.br\/index.php?rest_route=\/wp\/v2\/pages\/29\/revisions"}],"predecessor-version":[{"id":53,"href":"https:\/\/nixneon.com.br\/index.php?rest_route=\/wp\/v2\/pages\/29\/revisions\/53"}],"wp:attachment":[{"href":"https:\/\/nixneon.com.br\/index.php?rest_route=%2Fwp%2Fv2%2Fmedia&parent=29"}],"curies":[{"name":"wp","href":"https:\/\/api.w.org\/{rel}","templated":true}]}}