{"id":32,"date":"2022-10-13T16:42:36","date_gmt":"2022-10-13T19:42:36","guid":{"rendered":"http:\/\/nixneon.com.br\/?page_id=32"},"modified":"2022-10-14T09:19:07","modified_gmt":"2022-10-14T12:19:07","slug":"seguranca","status":"publish","type":"page","link":"https:\/\/nixneon.com.br\/?page_id=32","title":{"rendered":"Seguran\u00e7a"},"content":{"rendered":"\n<p><strong>SEGURAN\u00c7A E PRATICIDADE<br><\/strong>Por qu\u00ea decidir pelo Neon Led ao inv\u00e9s do neon convencional?<\/p>\n\n\n\n<p><strong>SEM VIDRO, SEM RISCO DE FATALIDADES POR QUEBRA ACIDENTAL<br><\/strong>O Neon Led possui em sua aplica\u00e7\u00e3o materiais flex\u00edveis e leves, o que n\u00e3o ocasiona acidentes com vidros, principalmente em ambientes internos, onde o fluxo e o manuseio de pessoas \u00e9 incontrol\u00e1vel.<\/p>\n\n\n\n<p><strong>SEM CHOQUES VIOLENTOS<br><\/strong>A sa\u00edda de voltagem de nosso Neon Led \u00e9 de apenas 12 volts, e isso significa a diminui\u00e7\u00e3o consistente do risco de acidentes graves por choque el\u00e9trico de alta voltagem.<\/p>\n\n\n\n<p><strong>SEM MATERIAIS CANCER\u00cdGENOS, EM SUA CONFEC\u00c7\u00c3O.<\/strong><\/p>\n\n\n\n<p>No Neon Led n\u00e3o se utiliza o elemento Qu\u00edmico Merc\u00fario, diferente do neon convencional, o que elimina a exposi\u00e7\u00e3o de nossos colaboradores a elementos cancer\u00edgenos.<\/p>\n\n\n\n<p>Utilizamos para a soldagem el\u00e9trica, insumos tipo LEAD FREE, livres de chumbo e com prata composta o substituindo em sua composi\u00e7\u00e3o, o que duplica o custo de produ\u00e7\u00e3o da etapa de soldagem, por\u00e9m \u00e9 mais consci\u00eancia para um mundo menos agressivo.<\/p>\n","protected":false},"excerpt":{"rendered":"<p>SEGURAN\u00c7A E PRATICIDADEPor qu\u00ea decidir pelo Neon Led ao inv\u00e9s do neon convencional? SEM VIDRO, SEM RISCO DE FATALIDADES POR QUEBRA ACIDENTALO Neon Led possui em sua aplica\u00e7\u00e3o materiais flex\u00edveis e leves, o que n\u00e3o ocasiona acidentes com vidros, principalmente em ambientes internos, onde o fluxo e o manuseio de pessoas \u00e9 incontrol\u00e1vel. SEM CHOQUES &hellip;<\/p>\n<p class=\"read-more\"> <a class=\"\" href=\"https:\/\/nixneon.com.br\/?page_id=32\"> <span class=\"screen-reader-text\">Seguran\u00e7a<\/span> Read More &raquo;<\/a><\/p>\n","protected":false},"author":1,"featured_media":0,"parent":0,"menu_order":0,"comment_status":"closed","ping_status":"closed","template":"","meta":{"site-sidebar-layout":"default","site-content-layout":"default","ast-global-header-display":"","ast-main-header-display":"","ast-hfb-above-header-display":"","ast-hfb-below-header-display":"","ast-hfb-mobile-header-display":"","site-post-title":"","ast-breadcrumbs-content":"","ast-featured-img":"","footer-sml-layout":"","theme-transparent-header-meta":"","adv-header-id-meta":"","stick-header-meta":"","header-above-stick-meta":"","header-main-stick-meta":"","header-below-stick-meta":"","footnotes":""},"class_list":["post-32","page","type-page","status-publish","hentry"],"_links":{"self":[{"href":"https:\/\/nixneon.com.br\/index.php?rest_route=\/wp\/v2\/pages\/32","targetHints":{"allow":["GET"]}}],"collection":[{"href":"https:\/\/nixneon.com.br\/index.php?rest_route=\/wp\/v2\/pages"}],"about":[{"href":"https:\/\/nixneon.com.br\/index.php?rest_route=\/wp\/v2\/types\/page"}],"author":[{"embeddable":true,"href":"https:\/\/nixneon.com.br\/index.php?rest_route=\/wp\/v2\/users\/1"}],"replies":[{"embeddable":true,"href":"https:\/\/nixneon.com.br\/index.php?rest_route=%2Fwp%2Fv2%2Fcomments&post=32"}],"version-history":[{"count":6,"href":"https:\/\/nixneon.com.br\/index.php?rest_route=\/wp\/v2\/pages\/32\/revisions"}],"predecessor-version":[{"id":59,"href":"https:\/\/nixneon.com.br\/index.php?rest_route=\/wp\/v2\/pages\/32\/revisions\/59"}],"wp:attachment":[{"href":"https:\/\/nixneon.com.br\/index.php?rest_route=%2Fwp%2Fv2%2Fmedia&parent=32"}],"curies":[{"name":"wp","href":"https:\/\/api.w.org\/{rel}","templated":true}]}}