{"id":36,"date":"2022-10-13T16:43:45","date_gmt":"2022-10-13T19:43:45","guid":{"rendered":"http:\/\/nixneon.com.br\/?page_id=36"},"modified":"2022-10-14T09:52:48","modified_gmt":"2022-10-14T12:52:48","slug":"aplicacoes","status":"publish","type":"page","link":"https:\/\/nixneon.com.br\/?page_id=36","title":{"rendered":"Aplica\u00e7\u00f5es"},"content":{"rendered":"\n<p><strong>USO CONJUGADO COM ACR\u00cdLICO<\/strong><\/p>\n\n\n\n<p>A aplica\u00e7\u00e3o do Neon Led tem em seu mix de confec\u00e7\u00e3o, o uso do acr\u00edlico, o que garante, mais brilho e charme para o seu ambiente, al\u00e9m do mais, isso permite a mudan\u00e7a de local de fixa\u00e7\u00e3o de forma f\u00e1cil e r\u00e1pida. Sem medo de quebra de vidro, vazamento de g\u00e1s ou dano no manuseio e consequente perda de investimento.<\/p>\n\n\n\n<figure class=\"wp-block-gallery has-nested-images columns-default is-cropped wp-block-gallery-1 is-layout-flex wp-block-gallery-is-layout-flex\">\n<figure class=\"wp-block-image size-large\"><img loading=\"lazy\" decoding=\"async\" width=\"650\" height=\"350\" data-id=\"79\" src=\"http:\/\/nixneon.com.br\/wp-content\/uploads\/2022\/10\/NEON-LED-EM-CAMPO-GRANDE-NIX-NEON-67-99985-2967-NEON-RECEPCAO.jpg\" alt=\"\" class=\"wp-image-79\" srcset=\"https:\/\/nixneon.com.br\/wp-content\/uploads\/2022\/10\/NEON-LED-EM-CAMPO-GRANDE-NIX-NEON-67-99985-2967-NEON-RECEPCAO.jpg 650w, https:\/\/nixneon.com.br\/wp-content\/uploads\/2022\/10\/NEON-LED-EM-CAMPO-GRANDE-NIX-NEON-67-99985-2967-NEON-RECEPCAO-300x162.jpg 300w\" sizes=\"auto, (max-width: 650px) 100vw, 650px\" \/><figcaption>NEON-LED-EM-CAMPO-GRANDE-NIX-NEON-67-99985-2967<\/figcaption><\/figure>\n\n\n\n<figure class=\"wp-block-image size-large\"><img loading=\"lazy\" decoding=\"async\" width=\"650\" height=\"350\" data-id=\"78\" src=\"http:\/\/nixneon.com.br\/wp-content\/uploads\/2022\/10\/NEON-LED-EM-CAMPO-GRANDE-NIX-NEON-67-99985-2967-NEON-SEXY.jpg\" alt=\"\" class=\"wp-image-78\" srcset=\"https:\/\/nixneon.com.br\/wp-content\/uploads\/2022\/10\/NEON-LED-EM-CAMPO-GRANDE-NIX-NEON-67-99985-2967-NEON-SEXY.jpg 650w, https:\/\/nixneon.com.br\/wp-content\/uploads\/2022\/10\/NEON-LED-EM-CAMPO-GRANDE-NIX-NEON-67-99985-2967-NEON-SEXY-300x162.jpg 300w\" sizes=\"auto, (max-width: 650px) 100vw, 650px\" \/><figcaption>NEON-LED-EM-CAMPO-GRANDE-NIX-NEON-67-99985-2967<\/figcaption><\/figure>\n\n\n\n<figure class=\"wp-block-image size-large\"><img loading=\"lazy\" decoding=\"async\" width=\"650\" height=\"350\" data-id=\"76\" src=\"http:\/\/nixneon.com.br\/wp-content\/uploads\/2022\/10\/NEON-LED-EM-CAMPO-GRANDE-NIX-NEON-67-99985-2967-NEON-PARA-BANCOS.jpg\" alt=\"\" class=\"wp-image-76\" srcset=\"https:\/\/nixneon.com.br\/wp-content\/uploads\/2022\/10\/NEON-LED-EM-CAMPO-GRANDE-NIX-NEON-67-99985-2967-NEON-PARA-BANCOS.jpg 650w, https:\/\/nixneon.com.br\/wp-content\/uploads\/2022\/10\/NEON-LED-EM-CAMPO-GRANDE-NIX-NEON-67-99985-2967-NEON-PARA-BANCOS-300x162.jpg 300w\" sizes=\"auto, (max-width: 650px) 100vw, 650px\" \/><figcaption>NEON-LED-EM-CAMPO-GRANDE-NIX-NEON-67-99985-2967<\/figcaption><\/figure>\n\n\n\n<figure class=\"wp-block-image size-large\"><img loading=\"lazy\" decoding=\"async\" width=\"650\" height=\"350\" data-id=\"77\" src=\"http:\/\/nixneon.com.br\/wp-content\/uploads\/2022\/10\/NEON-LED-EM-CAMPO-GRANDE-NIX-NEON-67-99985-2967-CENARIO-DE-NEON.jpg\" alt=\"\" class=\"wp-image-77\" srcset=\"https:\/\/nixneon.com.br\/wp-content\/uploads\/2022\/10\/NEON-LED-EM-CAMPO-GRANDE-NIX-NEON-67-99985-2967-CENARIO-DE-NEON.jpg 650w, https:\/\/nixneon.com.br\/wp-content\/uploads\/2022\/10\/NEON-LED-EM-CAMPO-GRANDE-NIX-NEON-67-99985-2967-CENARIO-DE-NEON-300x162.jpg 300w\" sizes=\"auto, (max-width: 650px) 100vw, 650px\" \/><figcaption>NEON-LED-EM-CAMPO-GRANDE-NIX-NEON-67-99985-2967<\/figcaption><\/figure>\n\n\n\n<figure class=\"wp-block-image size-large\"><img loading=\"lazy\" decoding=\"async\" width=\"650\" height=\"350\" data-id=\"75\" src=\"http:\/\/nixneon.com.br\/wp-content\/uploads\/2022\/10\/NEON-LED-EM-CAMPO-GRANDE-NIX-NEON-67-99985-2967-NEON-PARA-RECEPCAO.jpg\" alt=\"\" class=\"wp-image-75\" srcset=\"https:\/\/nixneon.com.br\/wp-content\/uploads\/2022\/10\/NEON-LED-EM-CAMPO-GRANDE-NIX-NEON-67-99985-2967-NEON-PARA-RECEPCAO.jpg 650w, https:\/\/nixneon.com.br\/wp-content\/uploads\/2022\/10\/NEON-LED-EM-CAMPO-GRANDE-NIX-NEON-67-99985-2967-NEON-PARA-RECEPCAO-300x162.jpg 300w\" sizes=\"auto, (max-width: 650px) 100vw, 650px\" \/><figcaption>NEON-LED-EM-CAMPO-GRANDE-NIX-NEON-67-99985-2967<\/figcaption><\/figure>\n\n\n\n<figure class=\"wp-block-image size-large\"><img loading=\"lazy\" decoding=\"async\" width=\"650\" height=\"350\" data-id=\"74\" src=\"http:\/\/nixneon.com.br\/wp-content\/uploads\/2022\/10\/NEON-LED-EM-CAMPO-GRANDE-NIX-NEON-67-99985-2967-FRASES-EM-NEON.jpg\" alt=\"\" class=\"wp-image-74\" srcset=\"https:\/\/nixneon.com.br\/wp-content\/uploads\/2022\/10\/NEON-LED-EM-CAMPO-GRANDE-NIX-NEON-67-99985-2967-FRASES-EM-NEON.jpg 650w, https:\/\/nixneon.com.br\/wp-content\/uploads\/2022\/10\/NEON-LED-EM-CAMPO-GRANDE-NIX-NEON-67-99985-2967-FRASES-EM-NEON-300x162.jpg 300w\" sizes=\"auto, (max-width: 650px) 100vw, 650px\" \/><figcaption>NEON-LED-EM-CAMPO-GRANDE-NIX-NEON-67-99985-2967<\/figcaption><\/figure>\n\n\n\n<figure class=\"wp-block-image size-large\"><img loading=\"lazy\" decoding=\"async\" width=\"650\" height=\"350\" data-id=\"72\" src=\"http:\/\/nixneon.com.br\/wp-content\/uploads\/2022\/10\/NEON-LED-EM-CAMPO-GRANDE-NIX-NEON-67-99985-2967-NEON-AGRONEGOCIO.jpg\" alt=\"\" class=\"wp-image-72\" srcset=\"https:\/\/nixneon.com.br\/wp-content\/uploads\/2022\/10\/NEON-LED-EM-CAMPO-GRANDE-NIX-NEON-67-99985-2967-NEON-AGRONEGOCIO.jpg 650w, https:\/\/nixneon.com.br\/wp-content\/uploads\/2022\/10\/NEON-LED-EM-CAMPO-GRANDE-NIX-NEON-67-99985-2967-NEON-AGRONEGOCIO-300x162.jpg 300w\" sizes=\"auto, (max-width: 650px) 100vw, 650px\" \/><figcaption>NEON-LED-EM-CAMPO-GRANDE-NIX-NEON-67-99985-2967<\/figcaption><\/figure>\n\n\n\n<figure class=\"wp-block-image size-large\"><img loading=\"lazy\" decoding=\"async\" width=\"650\" height=\"350\" data-id=\"73\" src=\"http:\/\/nixneon.com.br\/wp-content\/uploads\/2022\/10\/NEON-LED-EM-CAMPO-GRANDE-NIX-NEON-67-99985-2967-CAFETERIA.jpg\" alt=\"\" class=\"wp-image-73\" srcset=\"https:\/\/nixneon.com.br\/wp-content\/uploads\/2022\/10\/NEON-LED-EM-CAMPO-GRANDE-NIX-NEON-67-99985-2967-CAFETERIA.jpg 650w, https:\/\/nixneon.com.br\/wp-content\/uploads\/2022\/10\/NEON-LED-EM-CAMPO-GRANDE-NIX-NEON-67-99985-2967-CAFETERIA-300x162.jpg 300w\" sizes=\"auto, (max-width: 650px) 100vw, 650px\" \/><figcaption>NEON-LED-EM-CAMPO-GRANDE-NIX-NEON-67-99985-2967<\/figcaption><\/figure>\n\n\n\n<figure class=\"wp-block-image size-large\"><img loading=\"lazy\" decoding=\"async\" width=\"650\" height=\"350\" data-id=\"71\" src=\"http:\/\/nixneon.com.br\/wp-content\/uploads\/2022\/10\/NEON-LED-EM-CAMPO-GRANDE-NIX-NEON-67-99985-2967-ACADEMIA.jpg\" alt=\"\" class=\"wp-image-71\" srcset=\"https:\/\/nixneon.com.br\/wp-content\/uploads\/2022\/10\/NEON-LED-EM-CAMPO-GRANDE-NIX-NEON-67-99985-2967-ACADEMIA.jpg 650w, https:\/\/nixneon.com.br\/wp-content\/uploads\/2022\/10\/NEON-LED-EM-CAMPO-GRANDE-NIX-NEON-67-99985-2967-ACADEMIA-300x162.jpg 300w\" sizes=\"auto, (max-width: 650px) 100vw, 650px\" \/><figcaption>NEON-LED-EM-CAMPO-GRANDE-NIX-NEON-67-99985-2967<\/figcaption><\/figure>\n\n\n\n<figure class=\"wp-block-image size-large\"><img loading=\"lazy\" decoding=\"async\" width=\"650\" height=\"350\" data-id=\"70\" src=\"http:\/\/nixneon.com.br\/wp-content\/uploads\/2022\/10\/NEON-LED-EM-CAMPO-GRANDE-NIX-NEON-67-99985-2967-NEON-DISPLAY.jpg\" alt=\"\" class=\"wp-image-70\" srcset=\"https:\/\/nixneon.com.br\/wp-content\/uploads\/2022\/10\/NEON-LED-EM-CAMPO-GRANDE-NIX-NEON-67-99985-2967-NEON-DISPLAY.jpg 650w, https:\/\/nixneon.com.br\/wp-content\/uploads\/2022\/10\/NEON-LED-EM-CAMPO-GRANDE-NIX-NEON-67-99985-2967-NEON-DISPLAY-300x162.jpg 300w\" sizes=\"auto, (max-width: 650px) 100vw, 650px\" \/><figcaption>NEON-LED-EM-CAMPO-GRANDE-NIX-NEON-67-99985-2967<\/figcaption><\/figure>\n\n\n\n<figure class=\"wp-block-image size-large\"><img loading=\"lazy\" decoding=\"async\" width=\"1200\" height=\"1200\" data-id=\"51\" src=\"http:\/\/nixneon.com.br\/wp-content\/uploads\/2022\/10\/MULHER-SEXY-1C-NIX-NEON.jpg\" alt=\"\" class=\"wp-image-51\" srcset=\"https:\/\/nixneon.com.br\/wp-content\/uploads\/2022\/10\/MULHER-SEXY-1C-NIX-NEON.jpg 1200w, https:\/\/nixneon.com.br\/wp-content\/uploads\/2022\/10\/MULHER-SEXY-1C-NIX-NEON-300x300.jpg 300w, https:\/\/nixneon.com.br\/wp-content\/uploads\/2022\/10\/MULHER-SEXY-1C-NIX-NEON-1024x1024.jpg 1024w, https:\/\/nixneon.com.br\/wp-content\/uploads\/2022\/10\/MULHER-SEXY-1C-NIX-NEON-150x150.jpg 150w, https:\/\/nixneon.com.br\/wp-content\/uploads\/2022\/10\/MULHER-SEXY-1C-NIX-NEON-768x768.jpg 768w\" sizes=\"auto, (max-width: 1200px) 100vw, 1200px\" \/><\/figure>\n\n\n\n<figure class=\"wp-block-image size-large\"><img loading=\"lazy\" decoding=\"async\" width=\"1200\" height=\"1200\" data-id=\"50\" src=\"http:\/\/nixneon.com.br\/wp-content\/uploads\/2022\/10\/MULHER-SEXY-1B-NIX-NEON.jpg\" alt=\"\" class=\"wp-image-50\" srcset=\"https:\/\/nixneon.com.br\/wp-content\/uploads\/2022\/10\/MULHER-SEXY-1B-NIX-NEON.jpg 1200w, https:\/\/nixneon.com.br\/wp-content\/uploads\/2022\/10\/MULHER-SEXY-1B-NIX-NEON-300x300.jpg 300w, https:\/\/nixneon.com.br\/wp-content\/uploads\/2022\/10\/MULHER-SEXY-1B-NIX-NEON-1024x1024.jpg 1024w, https:\/\/nixneon.com.br\/wp-content\/uploads\/2022\/10\/MULHER-SEXY-1B-NIX-NEON-150x150.jpg 150w, https:\/\/nixneon.com.br\/wp-content\/uploads\/2022\/10\/MULHER-SEXY-1B-NIX-NEON-768x768.jpg 768w\" sizes=\"auto, (max-width: 1200px) 100vw, 1200px\" \/><\/figure>\n\n\n\n<figure class=\"wp-block-image size-large\"><img loading=\"lazy\" decoding=\"async\" width=\"1200\" height=\"1200\" data-id=\"49\" src=\"http:\/\/nixneon.com.br\/wp-content\/uploads\/2022\/10\/PERNAS-SEXY-1B-NIX-NEON.jpg\" alt=\"\" class=\"wp-image-49\" srcset=\"https:\/\/nixneon.com.br\/wp-content\/uploads\/2022\/10\/PERNAS-SEXY-1B-NIX-NEON.jpg 1200w, https:\/\/nixneon.com.br\/wp-content\/uploads\/2022\/10\/PERNAS-SEXY-1B-NIX-NEON-300x300.jpg 300w, https:\/\/nixneon.com.br\/wp-content\/uploads\/2022\/10\/PERNAS-SEXY-1B-NIX-NEON-1024x1024.jpg 1024w, https:\/\/nixneon.com.br\/wp-content\/uploads\/2022\/10\/PERNAS-SEXY-1B-NIX-NEON-150x150.jpg 150w, https:\/\/nixneon.com.br\/wp-content\/uploads\/2022\/10\/PERNAS-SEXY-1B-NIX-NEON-768x768.jpg 768w\" sizes=\"auto, (max-width: 1200px) 100vw, 1200px\" \/><\/figure>\n\n\n\n<figure class=\"wp-block-image size-large\"><img loading=\"lazy\" decoding=\"async\" width=\"1200\" height=\"1200\" data-id=\"47\" src=\"http:\/\/nixneon.com.br\/wp-content\/uploads\/2022\/10\/PERNAS-SEXY-1-NIX-NEON.jpg\" alt=\"\" class=\"wp-image-47\" srcset=\"https:\/\/nixneon.com.br\/wp-content\/uploads\/2022\/10\/PERNAS-SEXY-1-NIX-NEON.jpg 1200w, https:\/\/nixneon.com.br\/wp-content\/uploads\/2022\/10\/PERNAS-SEXY-1-NIX-NEON-300x300.jpg 300w, https:\/\/nixneon.com.br\/wp-content\/uploads\/2022\/10\/PERNAS-SEXY-1-NIX-NEON-1024x1024.jpg 1024w, https:\/\/nixneon.com.br\/wp-content\/uploads\/2022\/10\/PERNAS-SEXY-1-NIX-NEON-150x150.jpg 150w, https:\/\/nixneon.com.br\/wp-content\/uploads\/2022\/10\/PERNAS-SEXY-1-NIX-NEON-768x768.jpg 768w\" sizes=\"auto, (max-width: 1200px) 100vw, 1200px\" \/><\/figure>\n\n\n\n<figure class=\"wp-block-image size-large\"><img loading=\"lazy\" decoding=\"async\" width=\"1200\" height=\"1200\" data-id=\"48\" src=\"http:\/\/nixneon.com.br\/wp-content\/uploads\/2022\/10\/MULHER-SEXY-1-NIX-NEON.jpg\" alt=\"\" class=\"wp-image-48\" srcset=\"https:\/\/nixneon.com.br\/wp-content\/uploads\/2022\/10\/MULHER-SEXY-1-NIX-NEON.jpg 1200w, https:\/\/nixneon.com.br\/wp-content\/uploads\/2022\/10\/MULHER-SEXY-1-NIX-NEON-300x300.jpg 300w, https:\/\/nixneon.com.br\/wp-content\/uploads\/2022\/10\/MULHER-SEXY-1-NIX-NEON-1024x1024.jpg 1024w, https:\/\/nixneon.com.br\/wp-content\/uploads\/2022\/10\/MULHER-SEXY-1-NIX-NEON-150x150.jpg 150w, https:\/\/nixneon.com.br\/wp-content\/uploads\/2022\/10\/MULHER-SEXY-1-NIX-NEON-768x768.jpg 768w\" sizes=\"auto, (max-width: 1200px) 100vw, 1200px\" \/><\/figure>\n\n\n\n<figure class=\"wp-block-image size-large\"><img loading=\"lazy\" decoding=\"async\" width=\"1200\" height=\"1200\" data-id=\"46\" src=\"http:\/\/nixneon.com.br\/wp-content\/uploads\/2022\/10\/CACTO-NIX-NEON.jpg\" alt=\"\" class=\"wp-image-46\" srcset=\"https:\/\/nixneon.com.br\/wp-content\/uploads\/2022\/10\/CACTO-NIX-NEON.jpg 1200w, https:\/\/nixneon.com.br\/wp-content\/uploads\/2022\/10\/CACTO-NIX-NEON-300x300.jpg 300w, https:\/\/nixneon.com.br\/wp-content\/uploads\/2022\/10\/CACTO-NIX-NEON-1024x1024.jpg 1024w, https:\/\/nixneon.com.br\/wp-content\/uploads\/2022\/10\/CACTO-NIX-NEON-150x150.jpg 150w, https:\/\/nixneon.com.br\/wp-content\/uploads\/2022\/10\/CACTO-NIX-NEON-768x768.jpg 768w\" sizes=\"auto, (max-width: 1200px) 100vw, 1200px\" \/><\/figure>\n\n\n\n<figure class=\"wp-block-image size-large\"><img loading=\"lazy\" decoding=\"async\" width=\"1200\" height=\"1200\" data-id=\"6\" src=\"http:\/\/nixneon.com.br\/wp-content\/uploads\/2022\/09\/NEON-LED-EM-CAMPO-GRANDE-MS-NIX-NEON-67-99985-2967.jpg\" alt=\"\" class=\"wp-image-6\" srcset=\"https:\/\/nixneon.com.br\/wp-content\/uploads\/2022\/09\/NEON-LED-EM-CAMPO-GRANDE-MS-NIX-NEON-67-99985-2967.jpg 1200w, https:\/\/nixneon.com.br\/wp-content\/uploads\/2022\/09\/NEON-LED-EM-CAMPO-GRANDE-MS-NIX-NEON-67-99985-2967-300x300.jpg 300w, https:\/\/nixneon.com.br\/wp-content\/uploads\/2022\/09\/NEON-LED-EM-CAMPO-GRANDE-MS-NIX-NEON-67-99985-2967-1024x1024.jpg 1024w, https:\/\/nixneon.com.br\/wp-content\/uploads\/2022\/09\/NEON-LED-EM-CAMPO-GRANDE-MS-NIX-NEON-67-99985-2967-150x150.jpg 150w, https:\/\/nixneon.com.br\/wp-content\/uploads\/2022\/09\/NEON-LED-EM-CAMPO-GRANDE-MS-NIX-NEON-67-99985-2967-768x768.jpg 768w\" sizes=\"auto, (max-width: 1200px) 100vw, 1200px\" \/><figcaption>NEON LED EM CAMPO GRANDE MS<\/figcaption><\/figure>\n<\/figure>\n","protected":false},"excerpt":{"rendered":"<p>USO CONJUGADO COM ACR\u00cdLICO A aplica\u00e7\u00e3o do Neon Led tem em seu mix de confec\u00e7\u00e3o, o uso do acr\u00edlico, o que garante, mais brilho e charme para o seu ambiente, al\u00e9m do mais, isso permite a mudan\u00e7a de local de fixa\u00e7\u00e3o de forma f\u00e1cil e r\u00e1pida. Sem medo de quebra de vidro, vazamento de g\u00e1s &hellip;<\/p>\n<p class=\"read-more\"> <a class=\"\" href=\"https:\/\/nixneon.com.br\/?page_id=36\"> <span class=\"screen-reader-text\">Aplica\u00e7\u00f5es<\/span> Read More &raquo;<\/a><\/p>\n","protected":false},"author":1,"featured_media":0,"parent":0,"menu_order":0,"comment_status":"closed","ping_status":"closed","template":"","meta":{"site-sidebar-layout":"default","site-content-layout":"default","ast-global-header-display":"","ast-main-header-display":"","ast-hfb-above-header-display":"","ast-hfb-below-header-display":"","ast-hfb-mobile-header-display":"","site-post-title":"","ast-breadcrumbs-content":"","ast-featured-img":"","footer-sml-layout":"","theme-transparent-header-meta":"","adv-header-id-meta":"","stick-header-meta":"","header-above-stick-meta":"","header-main-stick-meta":"","header-below-stick-meta":"","footnotes":""},"class_list":["post-36","page","type-page","status-publish","hentry"],"_links":{"self":[{"href":"https:\/\/nixneon.com.br\/index.php?rest_route=\/wp\/v2\/pages\/36","targetHints":{"allow":["GET"]}}],"collection":[{"href":"https:\/\/nixneon.com.br\/index.php?rest_route=\/wp\/v2\/pages"}],"about":[{"href":"https:\/\/nixneon.com.br\/index.php?rest_route=\/wp\/v2\/types\/page"}],"author":[{"embeddable":true,"href":"https:\/\/nixneon.com.br\/index.php?rest_route=\/wp\/v2\/users\/1"}],"replies":[{"embeddable":true,"href":"https:\/\/nixneon.com.br\/index.php?rest_route=%2Fwp%2Fv2%2Fcomments&post=36"}],"version-history":[{"count":3,"href":"https:\/\/nixneon.com.br\/index.php?rest_route=\/wp\/v2\/pages\/36\/revisions"}],"predecessor-version":[{"id":85,"href":"https:\/\/nixneon.com.br\/index.php?rest_route=\/wp\/v2\/pages\/36\/revisions\/85"}],"wp:attachment":[{"href":"https:\/\/nixneon.com.br\/index.php?rest_route=%2Fwp%2Fv2%2Fmedia&parent=36"}],"curies":[{"name":"wp","href":"https:\/\/api.w.org\/{rel}","templated":true}]}}